{"id":759,"date":"2025-09-15T11:51:14","date_gmt":"2025-09-15T11:51:14","guid":{"rendered":"https:\/\/hciftci.komoserver.eu\/yayinlar\/"},"modified":"2025-09-24T09:26:13","modified_gmt":"2025-09-24T09:26:13","slug":"yayinlar","status":"publish","type":"page","link":"https:\/\/hasan-ciftci.de\/tr\/yayinlar\/","title":{"rendered":"Yay\u0131nlar"},"content":{"rendered":"\t\t<div data-elementor-type=\"wp-page\" data-elementor-id=\"759\" class=\"elementor elementor-759 elementor-521\" data-elementor-post-type=\"page\">\n\t\t\t\t\t\t<section class=\"elementor-section elementor-top-section elementor-element elementor-element-ee6aa05 elementor-section-height-min-height elementor-section-boxed elementor-section-height-default elementor-section-items-middle\" data-id=\"ee6aa05\" data-element_type=\"section\" data-settings=\"{&quot;background_background&quot;:&quot;classic&quot;,&quot;background_motion_fx_motion_fx_scrolling&quot;:&quot;yes&quot;,&quot;background_motion_fx_translateY_effect&quot;:&quot;yes&quot;,&quot;shape_divider_bottom&quot;:&quot;triangle-asymmetrical&quot;,&quot;shape_divider_bottom_negative&quot;:&quot;yes&quot;,&quot;background_motion_fx_translateY_speed&quot;:{&quot;unit&quot;:&quot;px&quot;,&quot;size&quot;:4,&quot;sizes&quot;:[]},&quot;background_motion_fx_translateY_affectedRange&quot;:{&quot;unit&quot;:&quot;%&quot;,&quot;size&quot;:&quot;&quot;,&quot;sizes&quot;:{&quot;start&quot;:0,&quot;end&quot;:100}},&quot;background_motion_fx_devices&quot;:[&quot;desktop&quot;,&quot;tablet&quot;,&quot;mobile&quot;]}\">\n\t\t\t\t\t<div class=\"elementor-shape elementor-shape-bottom\" aria-hidden=\"true\" data-negative=\"true\">\n\t\t\t<svg xmlns=\"http:\/\/www.w3.org\/2000\/svg\" viewBox=\"0 0 1000 100\" preserveAspectRatio=\"none\">\n\t<path class=\"elementor-shape-fill\" d=\"M737.9,94.7L0,0v100h1000V0L737.9,94.7z\"\/>\n<\/svg>\t\t<\/div>\n\t\t\t\t\t<div class=\"elementor-container elementor-column-gap-default\">\n\t\t\t\t\t<div class=\"elementor-column elementor-col-100 elementor-top-column elementor-element elementor-element-45903345\" data-id=\"45903345\" data-element_type=\"column\">\n\t\t\t<div class=\"elementor-widget-wrap elementor-element-populated\">\n\t\t\t\t\t\t<div class=\"elementor-element elementor-element-279fb98a elementor-widget elementor-widget-heading\" data-id=\"279fb98a\" data-element_type=\"widget\" data-widget_type=\"heading.default\">\n\t\t\t\t\t<h1 class=\"elementor-heading-title elementor-size-default\">Hasan Ciftci'nin Yay\u0131nlar\u0131<\/h1>\t\t\t\t<\/div>\n\t\t\t\t<div class=\"elementor-element elementor-element-38850405 elementor-widget elementor-widget-text-editor\" data-id=\"38850405\" data-element_type=\"widget\" data-widget_type=\"text-editor.default\">\n\t\t\t\t\t\t\t\t\t<p>Diplom-Psikolog ve terapist olarak pratik \u00e7al\u0131\u015fmalar\u0131m\u0131n yan\u0131 s\u0131ra, psikolojik konularda d\u00fczenli olarak akademik literat\u00fcr de yay\u0131nlamaktay\u0131m. Bu konuda benim i\u00e7in \u00f6zellikle \u00f6nemli olan, <strong>ebeveynler, uzmanlar ve ilgili ki\u015filer i\u00e7in gerekli bilgileri T\u00fcrk\u00e7e dilinde de eri\u015filebilir k\u0131lmakt\u0131r<\/strong> \u2013 anla\u015f\u0131l\u0131r, uygulamaya y\u00f6nelik ve k\u00fclt\u00fcrel a\u00e7\u0131dan duyarl\u0131 bir \u015fekilde. <\/p><p>Kitaplar\u0131mdan ikisi T\u00fcrk\u00e7e olarak yay\u0131nlanm\u0131\u015f olup <strong>Anadolu Yay\u0131nevi<\/strong> \u00fczerinden temin edilebilir.<\/p><p><\/p><p><\/p>\t\t\t\t\t\t\t\t<\/div>\n\t\t\t\t<div class=\"elementor-element elementor-element-3f58be58 elementor-tablet-align-center elementor-align-center elementor-widget elementor-widget-button\" data-id=\"3f58be58\" data-element_type=\"widget\" data-widget_type=\"button.default\">\n\t\t\t\t\t\t\t\t\t\t<a class=\"elementor-button elementor-button-link elementor-size-sm\" href=\"http:\/\/k19282-1.server13.febas.net\/kontakt\/\">\n\t\t\t\t\t\t<span class=\"elementor-button-content-wrapper\">\n\t\t\t\t\t\t\t\t\t<span class=\"elementor-button-text\">\u015eimdi Randevu Talep Edin<\/span>\n\t\t\t\t\t<\/span>\n\t\t\t\t\t<\/a>\n\t\t\t\t\t\t\t\t<\/div>\n\t\t\t\t\t<\/div>\n\t\t<\/div>\n\t\t\t\t\t<\/div>\n\t\t<\/section>\n\t\t\t\t<section class=\"elementor-section elementor-top-section elementor-element elementor-element-69f0509e elementor-section-boxed elementor-section-height-default elementor-section-height-default\" data-id=\"69f0509e\" data-element_type=\"section\" data-settings=\"{&quot;background_background&quot;:&quot;classic&quot;}\">\n\t\t\t\t\t\t<div class=\"elementor-container elementor-column-gap-default\">\n\t\t\t\t\t<div class=\"elementor-column elementor-col-50 elementor-top-column elementor-element elementor-element-27978ff1\" data-id=\"27978ff1\" data-element_type=\"column\">\n\t\t\t<div class=\"elementor-widget-wrap elementor-element-populated\">\n\t\t\t\t\t\t<div class=\"elementor-element elementor-element-423d7d5 elementor-widget elementor-widget-image\" data-id=\"423d7d5\" data-element_type=\"widget\" data-widget_type=\"image.default\">\n\t\t\t\t\t\t\t\t\t\t\t\t\t\t\t<img fetchpriority=\"high\" decoding=\"async\" width=\"800\" height=\"800\" src=\"https:\/\/hasan-ciftci.de\/wp-content\/uploads\/2025\/09\/Hasan-Ciftci-Cinsel-Suistimal-3.png\" class=\"attachment-large size-large wp-image-777\" alt=\"\" srcset=\"https:\/\/hasan-ciftci.de\/wp-content\/uploads\/2025\/09\/Hasan-Ciftci-Cinsel-Suistimal-3.png 1000w, https:\/\/hasan-ciftci.de\/wp-content\/uploads\/2025\/09\/Hasan-Ciftci-Cinsel-Suistimal-3-300x300.png 300w, https:\/\/hasan-ciftci.de\/wp-content\/uploads\/2025\/09\/Hasan-Ciftci-Cinsel-Suistimal-3-150x150.png 150w, https:\/\/hasan-ciftci.de\/wp-content\/uploads\/2025\/09\/Hasan-Ciftci-Cinsel-Suistimal-3-768x768.png 768w\" sizes=\"(max-width: 800px) 100vw, 800px\" \/>\t\t\t\t\t\t\t\t\t\t\t\t\t\t\t<\/div>\n\t\t\t\t\t<\/div>\n\t\t<\/div>\n\t\t\t\t<div class=\"elementor-column elementor-col-50 elementor-top-column elementor-element elementor-element-8ac3ba0\" data-id=\"8ac3ba0\" data-element_type=\"column\">\n\t\t\t<div class=\"elementor-widget-wrap elementor-element-populated\">\n\t\t\t\t\t\t<div class=\"elementor-element elementor-element-d2a8502 elementor-widget elementor-widget-heading\" data-id=\"d2a8502\" data-element_type=\"widget\" data-widget_type=\"heading.default\">\n\t\t\t\t\t<h2 class=\"elementor-heading-title elementor-size-default\">Cinsel Suistimal<\/h2>\t\t\t\t<\/div>\n\t\t\t\t<div class=\"elementor-element elementor-element-b97f7bc elementor-widget elementor-widget-text-editor\" data-id=\"b97f7bc\" data-element_type=\"widget\" data-widget_type=\"text-editor.default\">\n\t\t\t\t\t\t\t\t\t<p><em>(\u00c7ocuklarda Cinsel \u0130stismar)<\/em><\/p><p>Bu kitap \u00e7ocuklarda cinsel istismar\u0131n hassas dinamiklerini ele almaktad\u0131r \u2013 nas\u0131l fark edilir, \u00f6nlenir ve profesyonel olarak desteklenir. Hem ebeveynlere hem de pedagojik uzmanlara ve dan\u0131\u015fmanlara y\u00f6neliktir. <\/p><p><\/p>\t\t\t\t\t\t\t\t<\/div>\n\t\t\t\t\t<\/div>\n\t\t<\/div>\n\t\t\t\t\t<\/div>\n\t\t<\/section>\n\t\t\t\t<section class=\"elementor-section elementor-top-section elementor-element elementor-element-59e52c8 elementor-section-boxed elementor-section-height-default elementor-section-height-default\" data-id=\"59e52c8\" data-element_type=\"section\" data-settings=\"{&quot;background_background&quot;:&quot;classic&quot;}\">\n\t\t\t\t\t\t<div class=\"elementor-container elementor-column-gap-default\">\n\t\t\t\t\t<div class=\"elementor-column elementor-col-50 elementor-top-column elementor-element elementor-element-0bf4726\" data-id=\"0bf4726\" data-element_type=\"column\">\n\t\t\t<div class=\"elementor-widget-wrap elementor-element-populated\">\n\t\t\t\t\t\t<div class=\"elementor-element elementor-element-3df1936 elementor-widget elementor-widget-image\" data-id=\"3df1936\" data-element_type=\"widget\" data-widget_type=\"image.default\">\n\t\t\t\t\t\t\t\t\t\t\t\t\t\t\t<img decoding=\"async\" width=\"800\" height=\"800\" src=\"https:\/\/hasan-ciftci.de\/wp-content\/uploads\/2025\/09\/Hasan-Ciftci-Cocuklarda-Davranis-Bozukluklari.png\" class=\"attachment-large size-large wp-image-780\" alt=\"\" srcset=\"https:\/\/hasan-ciftci.de\/wp-content\/uploads\/2025\/09\/Hasan-Ciftci-Cocuklarda-Davranis-Bozukluklari.png 1000w, https:\/\/hasan-ciftci.de\/wp-content\/uploads\/2025\/09\/Hasan-Ciftci-Cocuklarda-Davranis-Bozukluklari-300x300.png 300w, https:\/\/hasan-ciftci.de\/wp-content\/uploads\/2025\/09\/Hasan-Ciftci-Cocuklarda-Davranis-Bozukluklari-150x150.png 150w\" sizes=\"(max-width: 800px) 100vw, 800px\" \/>\t\t\t\t\t\t\t\t\t\t\t\t\t\t\t<\/div>\n\t\t\t\t\t<\/div>\n\t\t<\/div>\n\t\t\t\t<div class=\"elementor-column elementor-col-50 elementor-top-column elementor-element elementor-element-b24cc45\" data-id=\"b24cc45\" data-element_type=\"column\">\n\t\t\t<div class=\"elementor-widget-wrap elementor-element-populated\">\n\t\t\t\t\t\t<div class=\"elementor-element elementor-element-47be12f elementor-widget elementor-widget-heading\" data-id=\"47be12f\" data-element_type=\"widget\" data-widget_type=\"heading.default\">\n\t\t\t\t\t<h2 class=\"elementor-heading-title elementor-size-default\">\u00c7ocuklarda Davran\u0131\u015f Bozukluklar\u0131<\/h2>\t\t\t\t<\/div>\n\t\t\t\t<div class=\"elementor-element elementor-element-c682ac6 elementor-widget elementor-widget-text-editor\" data-id=\"c682ac6\" data-element_type=\"widget\" data-widget_type=\"text-editor.default\">\n\t\t\t\t\t\t\t\t\t<p><em>(\u00c7ocuklarda Davran\u0131\u015f Sorunlar\u0131)<\/em><\/p><p>Bu kitap \u00e7ocukluk d\u00f6nemindeki tipik davran\u0131\u015f problemlerini \u2013 sald\u0131rganl\u0131ktan i\u00e7e kapanmaya, dikkat bozukluklar\u0131na kadar \u2013 ele almakta ve bu zorluklarla ba\u015fa \u00e7\u0131kmada uygulamaya y\u00f6nelik yollar g\u00f6stermektedir. \u00d6zellikle ebeveynler, \u00f6\u011fretmenler ve gen\u00e7lik yard\u0131m\u0131 alan\u0131ndaki uzman personel i\u00e7in uygundur. <\/p><p><\/p>\t\t\t\t\t\t\t\t<\/div>\n\t\t\t\t\t<\/div>\n\t\t<\/div>\n\t\t\t\t\t<\/div>\n\t\t<\/section>\n\t\t\t\t<section class=\"elementor-section elementor-top-section elementor-element elementor-element-c799d73 elementor-section-boxed elementor-section-height-default elementor-section-height-default\" data-id=\"c799d73\" data-element_type=\"section\" data-settings=\"{&quot;background_background&quot;:&quot;classic&quot;}\">\n\t\t\t\t\t\t<div class=\"elementor-container elementor-column-gap-default\">\n\t\t\t\t\t<div class=\"elementor-column elementor-col-100 elementor-top-column elementor-element elementor-element-a43a877\" data-id=\"a43a877\" data-element_type=\"column\">\n\t\t\t<div class=\"elementor-widget-wrap elementor-element-populated\">\n\t\t\t\t\t\t<div class=\"elementor-element elementor-element-6fd9562 elementor-widget elementor-widget-heading\" data-id=\"6fd9562\" data-element_type=\"widget\" data-widget_type=\"heading.default\">\n\t\t\t\t\t<h2 class=\"elementor-heading-title elementor-size-default\">Kitaplar\u0131n Temini<\/h2>\t\t\t\t<\/div>\n\t\t\t\t<div class=\"elementor-element elementor-element-65be7b5 elementor-widget elementor-widget-text-editor\" data-id=\"65be7b5\" data-element_type=\"widget\" data-widget_type=\"text-editor.default\">\n\t\t\t\t\t\t\t\t\t<p>Her iki ba\u015fl\u0131k da T\u00fcrk\u00e7e olarak yay\u0131nlanm\u0131\u015f olup <span class=\"notion-enable-hover\" data-token-index=\"1\"><b>Anadolu Yay\u0131nevi<\/b><\/span> \u00fczerinden temin edilebilir. \u0130lgi duyman\u0131z halinde, daha fazla bilgi veya sipari\u015f imkan\u0131 konusunda size memnuniyetle destek olurum. <br><\/p>\t\t\t\t\t\t\t\t<\/div>\n\t\t\t\t\t<\/div>\n\t\t<\/div>\n\t\t\t\t\t<\/div>\n\t\t<\/section>\n\t\t\t\t<section class=\"elementor-section elementor-top-section elementor-element elementor-element-fc3256a elementor-section-boxed elementor-section-height-default elementor-section-height-default\" data-id=\"fc3256a\" data-element_type=\"section\" data-settings=\"{&quot;background_background&quot;:&quot;classic&quot;}\">\n\t\t\t\t\t\t<div class=\"elementor-container elementor-column-gap-default\">\n\t\t\t\t\t<div class=\"elementor-column elementor-col-50 elementor-top-column elementor-element elementor-element-9378ac1\" data-id=\"9378ac1\" data-element_type=\"column\">\n\t\t\t<div class=\"elementor-widget-wrap elementor-element-populated\">\n\t\t\t\t\t\t<div class=\"elementor-element elementor-element-d1829d4 elementor-widget elementor-widget-image\" data-id=\"d1829d4\" data-element_type=\"widget\" data-widget_type=\"image.default\">\n\t\t\t\t\t\t\t\t\t\t\t\t\t\t\t<img decoding=\"async\" src=\"https:\/\/hasan-ciftci.de\/wp-content\/plugins\/elementor\/assets\/images\/placeholder.png\" title=\"\" alt=\"\" loading=\"lazy\" \/>\t\t\t\t\t\t\t\t\t\t\t\t\t\t\t<\/div>\n\t\t\t\t\t<\/div>\n\t\t<\/div>\n\t\t\t\t<div class=\"elementor-column elementor-col-50 elementor-top-column elementor-element elementor-element-4192ae4\" data-id=\"4192ae4\" data-element_type=\"column\">\n\t\t\t<div class=\"elementor-widget-wrap elementor-element-populated\">\n\t\t\t\t\t\t<div class=\"elementor-element elementor-element-365621b elementor-widget elementor-widget-text-editor\" data-id=\"365621b\" data-element_type=\"widget\" data-widget_type=\"text-editor.default\">\n\t\t\t\t\t\t\t\t\t<p>&#8220;<i>T\u00fcrk k\u00f6kenli bir terapist olarak, <span class=\"notion-enable-hover\" data-token-index=\"1\">psikolojik bilgiyi bir\u00e7ok dan\u0131\u015fan\u0131n ana dilinde de aktarmak<\/span> benim i\u00e7in ki\u015fisel bir \u00f6nceliktir. Dil eri\u015fim sa\u011flar \u2013 bilgi ise g\u00fcvenlik yarat\u0131r. <\/i>&#8220;<br><\/p>\t\t\t\t\t\t\t\t<\/div>\n\t\t\t\t<div class=\"elementor-element elementor-element-3683e11 elementor-widget elementor-widget-text-editor\" data-id=\"3683e11\" data-element_type=\"widget\" data-widget_type=\"text-editor.default\">\n\t\t\t\t\t\t\t\t\t<p><strong>Hasan Ciftci<\/strong><\/p>\t\t\t\t\t\t\t\t<\/div>\n\t\t\t\t\t<\/div>\n\t\t<\/div>\n\t\t\t\t\t<\/div>\n\t\t<\/section>\n\t\t\t\t<\/div>\n\t\t","protected":false},"excerpt":{"rendered":"<p>Hasan Ciftci&#8217;nin Yay\u0131nlar\u0131 Diplom-Psikolog ve terapist olarak pratik \u00e7al\u0131\u015fmalar\u0131m\u0131n yan\u0131 s\u0131ra, psikolojik konularda d\u00fczenli olarak akademik literat\u00fcr de yay\u0131nlamaktay\u0131m. Bu konuda benim i\u00e7in \u00f6zellikle \u00f6nemli olan, ebeveynler, uzmanlar ve ilgili ki\u015filer i\u00e7in gerekli bilgileri T\u00fcrk\u00e7e dilinde de eri\u015filebilir k\u0131lmakt\u0131r \u2013 anla\u015f\u0131l\u0131r, uygulamaya y\u00f6nelik ve k\u00fclt\u00fcrel a\u00e7\u0131dan duyarl\u0131 bir \u015fekilde. Kitaplar\u0131mdan ikisi T\u00fcrk\u00e7e olarak yay\u0131nlanm\u0131\u015f olup [&hellip;]<\/p>\n","protected":false},"author":1,"featured_media":0,"parent":0,"menu_order":0,"comment_status":"closed","ping_status":"closed","template":"","meta":{"footnotes":""},"class_list":["post-759","page","type-page","status-publish","hentry"],"_links":{"self":[{"href":"https:\/\/hasan-ciftci.de\/tr\/wp-json\/wp\/v2\/pages\/759","targetHints":{"allow":["GET"]}}],"collection":[{"href":"https:\/\/hasan-ciftci.de\/tr\/wp-json\/wp\/v2\/pages"}],"about":[{"href":"https:\/\/hasan-ciftci.de\/tr\/wp-json\/wp\/v2\/types\/page"}],"author":[{"embeddable":true,"href":"https:\/\/hasan-ciftci.de\/tr\/wp-json\/wp\/v2\/users\/1"}],"replies":[{"embeddable":true,"href":"https:\/\/hasan-ciftci.de\/tr\/wp-json\/wp\/v2\/comments?post=759"}],"version-history":[{"count":1,"href":"https:\/\/hasan-ciftci.de\/tr\/wp-json\/wp\/v2\/pages\/759\/revisions"}],"predecessor-version":[{"id":784,"href":"https:\/\/hasan-ciftci.de\/tr\/wp-json\/wp\/v2\/pages\/759\/revisions\/784"}],"wp:attachment":[{"href":"https:\/\/hasan-ciftci.de\/tr\/wp-json\/wp\/v2\/media?parent=759"}],"curies":[{"name":"wp","href":"https:\/\/api.w.org\/{rel}","templated":true}]}}