{"id":760,"date":"2025-07-20T15:24:14","date_gmt":"2025-07-20T15:24:14","guid":{"rendered":"https:\/\/hciftci.komoserver.eu\/kuenye\/"},"modified":"2025-09-24T09:26:17","modified_gmt":"2025-09-24T09:26:17","slug":"kuenye","status":"publish","type":"page","link":"https:\/\/hasan-ciftci.de\/tr\/kuenye\/","title":{"rendered":"K\u00fcnye"},"content":{"rendered":"\t\t<div data-elementor-type=\"wp-page\" data-elementor-id=\"760\" class=\"elementor elementor-760 elementor-33\" data-elementor-post-type=\"page\">\n\t\t\t\t\t\t<section class=\"elementor-section elementor-top-section elementor-element elementor-element-22e1791 elementor-section-height-min-height elementor-section-boxed elementor-section-height-default elementor-section-items-middle\" data-id=\"22e1791\" data-element_type=\"section\" data-settings=\"{&quot;background_background&quot;:&quot;classic&quot;,&quot;background_motion_fx_motion_fx_scrolling&quot;:&quot;yes&quot;,&quot;background_motion_fx_translateY_effect&quot;:&quot;yes&quot;,&quot;background_motion_fx_translateY_speed&quot;:{&quot;unit&quot;:&quot;px&quot;,&quot;size&quot;:4,&quot;sizes&quot;:[]},&quot;background_motion_fx_translateY_affectedRange&quot;:{&quot;unit&quot;:&quot;%&quot;,&quot;size&quot;:&quot;&quot;,&quot;sizes&quot;:{&quot;start&quot;:0,&quot;end&quot;:100}},&quot;background_motion_fx_devices&quot;:[&quot;desktop&quot;,&quot;tablet&quot;,&quot;mobile&quot;]}\">\n\t\t\t\t\t\t<div class=\"elementor-container elementor-column-gap-default\">\n\t\t\t\t\t<div class=\"elementor-column elementor-col-100 elementor-top-column elementor-element elementor-element-ffd7606\" data-id=\"ffd7606\" data-element_type=\"column\">\n\t\t\t<div class=\"elementor-widget-wrap elementor-element-populated\">\n\t\t\t\t\t\t<div class=\"elementor-element elementor-element-747c475 elementor-widget elementor-widget-heading\" data-id=\"747c475\" data-element_type=\"widget\" data-widget_type=\"heading.default\">\n\t\t\t\t\t<h1 class=\"elementor-heading-title elementor-size-default\">K\u00fcnye<\/h1>\t\t\t\t<\/div>\n\t\t\t\t\t<\/div>\n\t\t<\/div>\n\t\t\t\t\t<\/div>\n\t\t<\/section>\n\t\t\t\t<section class=\"elementor-section elementor-top-section elementor-element elementor-element-1ba2e08 elementor-section-boxed elementor-section-height-default elementor-section-height-default\" data-id=\"1ba2e08\" data-element_type=\"section\">\n\t\t\t\t\t\t<div class=\"elementor-container elementor-column-gap-default\">\n\t\t\t\t\t<div class=\"elementor-column elementor-col-100 elementor-top-column elementor-element elementor-element-2c8b8c3\" data-id=\"2c8b8c3\" data-element_type=\"column\">\n\t\t\t<div class=\"elementor-widget-wrap elementor-element-populated\">\n\t\t\t\t\t\t<div class=\"elementor-element elementor-element-56fe892 elementor-widget elementor-widget-text-editor\" data-id=\"56fe892\" data-element_type=\"widget\" data-widget_type=\"text-editor.default\">\n\t\t\t\t\t\t\t\t\t<h2><strong>K\u00fcnye<\/strong><\/h2><p>\u00a7 5 DDG&#8217;ye g\u00f6re bilgiler<\/p><p>Hasan \u00c7ift\u00e7i Cranachstra\u00dfe 5c 63452 Hanau am Main<\/p><h3><strong>Temsil eden:<\/strong><\/h3><p>Hasan \u00c7ift\u00e7i<\/p><h3><strong>\u0130leti\u015fim:<\/strong><\/h3><p>Telefon: 06181-189 86 48 Faks: 06181-180 94 45 E-posta: <a href=\"mailto:info@hasan-ciftci.de\">info@hasan-ciftci.de<\/a><\/p><h3><strong>Denetleyici kurum:<\/strong><\/h3><p>Hessen Psikoterapistler Odas\u0131 <a href=\"http:\/\/www.psychotherapeutenkammer-hessen.de\">www.psychotherapeutenkammer-hessen.de<\/a><\/p><h2><strong>Sorumluluk reddi<\/strong><\/h2><h3><strong>\u0130\u00e7erik i\u00e7in sorumluluk<\/strong><\/h3><p>Sayfalar\u0131m\u0131z\u0131n i\u00e7eri\u011fi b\u00fcy\u00fck bir \u00f6zenle olu\u015fturulmu\u015ftur. Ancak, i\u00e7eri\u011fin do\u011frulu\u011fu, eksiksizli\u011fi ve g\u00fcncelli\u011fi konusunda herhangi bir garanti veremeyiz. Bir hizmet sa\u011flay\u0131c\u0131 olarak, \u00a7 7 Paragraf 1 DDG uyar\u0131nca bu sayfalardaki kendi i\u00e7eri\u011fimizden genel yasalar uyar\u0131nca sorumluyuz. Ancak, \u00a7\u00a7 8 ila 10 DDG uyar\u0131nca, bir hizmet sa\u011flay\u0131c\u0131 olarak, iletilen veya depolanan harici bilgileri izlemek veya yasa d\u0131\u015f\u0131 faaliyetlere i\u015faret eden durumlar\u0131 ara\u015ft\u0131rmakla y\u00fck\u00fcml\u00fc de\u011filiz. Genel yasalar uyar\u0131nca bilgilerin kullan\u0131m\u0131n\u0131n kald\u0131r\u0131lmas\u0131 veya engellenmesi y\u00fck\u00fcml\u00fcl\u00fckleri bundan etkilenmez. Ancak, bu konudaki bir sorumluluk ancak belirli bir yasal ihlalin \u00f6\u011frenildi\u011fi andan itibaren m\u00fcmk\u00fcnd\u00fcr. \u0130lgili yasal ihlallerin \u00f6\u011frenilmesi \u00fczerine, bu i\u00e7erikleri derhal kald\u0131raca\u011f\u0131z.       <\/p><h3><strong>Ba\u011flant\u0131lar i\u00e7in sorumluluk<\/strong><\/h3><p>Teklifimiz, i\u00e7erikleri \u00fczerinde hi\u00e7bir etkimizin olmad\u0131\u011f\u0131 \u00fc\u00e7\u00fcnc\u00fc taraflar\u0131n harici web sitelerine ba\u011flant\u0131lar i\u00e7ermektedir. Bu nedenle, bu harici i\u00e7erikler i\u00e7in herhangi bir garanti veremeyiz. Ba\u011flant\u0131l\u0131 sayfalar\u0131n i\u00e7eri\u011finden her zaman ilgili sa\u011flay\u0131c\u0131 veya sayfan\u0131n operat\u00f6r\u00fc sorumludur. Ba\u011flant\u0131l\u0131 sayfalar, ba\u011flant\u0131 olu\u015fturuldu\u011fu s\u0131rada olas\u0131 yasal ihlallere kar\u015f\u0131 kontrol edildi. Ba\u011flant\u0131 olu\u015fturuldu\u011fu s\u0131rada yasa d\u0131\u015f\u0131 i\u00e7erik tespit edilemedi. Ancak, ba\u011flant\u0131l\u0131 sayfalar\u0131n i\u00e7eri\u011finin kal\u0131c\u0131 olarak kontrol edilmesi, bir yasal ihlale dair somut kan\u0131t olmadan makul de\u011fildir. Yasal ihlallerin \u00f6\u011frenilmesi \u00fczerine, bu t\u00fcr ba\u011flant\u0131lar\u0131 derhal kald\u0131raca\u011f\u0131z.      <\/p><h3><strong>Veri gizlili\u011fi<\/strong><\/h3><p>Web sitemizin kullan\u0131m\u0131 genellikle ki\u015fisel veri sa\u011flamadan m\u00fcmk\u00fcnd\u00fcr. Sayfalar\u0131m\u0131zda ki\u015fisel veriler (\u00f6rne\u011fin ad, adres veya e-posta adresleri) topland\u0131\u011f\u0131 s\u00fcrece, bu her zaman m\u00fcmk\u00fcn oldu\u011funca g\u00f6n\u00fcll\u00fc olarak yap\u0131l\u0131r. Bu veriler, a\u00e7\u0131k r\u0131zan\u0131z olmadan \u00fc\u00e7\u00fcnc\u00fc taraflara aktar\u0131lmaz.  <\/p><p>\u0130nternet \u00fczerinden veri aktar\u0131m\u0131n\u0131n (\u00f6rne\u011fin e-posta ile ileti\u015fimde) g\u00fcvenlik a\u00e7\u0131klar\u0131 g\u00f6sterebilece\u011fine dikkat \u00e7ekmek isteriz. Verilerin \u00fc\u00e7\u00fcnc\u00fc taraflar\u0131n eri\u015fimine kar\u015f\u0131 tam olarak korunmas\u0131 m\u00fcmk\u00fcn de\u011fildir. <\/p><p>K\u00fcnye y\u00fck\u00fcml\u00fcl\u00fc\u011f\u00fc kapsam\u0131nda yay\u0131nlanan ileti\u015fim verilerinin \u00fc\u00e7\u00fcnc\u00fc \u015fah\u0131slar taraf\u0131ndan a\u00e7\u0131k\u00e7a talep edilmeyen reklam ve bilgilendirme materyallerinin g\u00f6nderimi i\u00e7in kullan\u0131lmas\u0131na a\u00e7\u0131k\u00e7a kar\u015f\u0131 \u00e7\u0131k\u0131lmaktad\u0131r. Sayfalar\u0131n operat\u00f6rleri, istenmeyen reklam bilgilerinin, \u00f6rne\u011fin spam e-postalar\u0131 yoluyla g\u00f6nderilmesi durumunda yasal i\u015flem yapma hakk\u0131n\u0131 a\u00e7\u0131k\u00e7a sakl\u0131 tutar. <\/p><h3><strong>Google Analytics<\/strong><\/h3><p>Bu web sitesi, Google Inc.&#8217;in (&#8221;Google&#8221;) bir web analiz hizmeti olan Google Analytics&#8217;i kullanmaktad\u0131r. Google Analytics, bilgisayar\u0131n\u0131zda depolanan ve web sitesini kullan\u0131m\u0131n\u0131z\u0131n analizini sa\u011flayan s\u00f6zde &#8221;\u00e7erezler&#8221;, metin dosyalar\u0131 kullan\u0131r. \u00c7erez taraf\u0131ndan web sitesini kullan\u0131m\u0131n\u0131z hakk\u0131nda olu\u015fturulan bilgiler (IP adresiniz dahil), ABD&#8217;deki bir Google sunucusuna aktar\u0131l\u0131r ve orada saklan\u0131r. Google, bu bilgileri web sitesini kullan\u0131m\u0131n\u0131z\u0131 de\u011ferlendirmek, web sitesi operat\u00f6rleri i\u00e7in web sitesi etkinlikleri hakk\u0131nda raporlar derlemek ve web sitesi kullan\u0131m\u0131 ve internet kullan\u0131m\u0131 ile ilgili di\u011fer hizmetleri sa\u011flamak i\u00e7in kullanacakt\u0131r. Google ayr\u0131ca, yasalarca zorunlu k\u0131l\u0131nmas\u0131 veya \u00fc\u00e7\u00fcnc\u00fc taraflar\u0131n bu verileri Google ad\u0131na i\u015flemesi durumunda, bu bilgileri \u00fc\u00e7\u00fcnc\u00fc taraflara aktarabilir. Google, IP adresinizi hi\u00e7bir durumda Google&#8217;\u0131n di\u011fer verileriyle ili\u015fkilendirmeyecektir. Taray\u0131c\u0131 yaz\u0131l\u0131m\u0131n\u0131z\u0131n ilgili bir ayar\u0131n\u0131 yaparak \u00e7erezlerin y\u00fcklenmesini engelleyebilirsiniz; ancak, bu durumda bu web sitesinin t\u00fcm i\u015flevlerini tam olarak kullanamayabilece\u011finizi belirtmek isteriz. Bu web sitesini kullanarak, Google taraf\u0131ndan hakk\u0131n\u0131zda toplanan verilerin yukar\u0131da a\u00e7\u0131klanan \u015fekilde ve yukar\u0131da belirtilen ama\u00e7 i\u00e7in i\u015flenmesini kabul etmi\u015f olursunuz.        <\/p><p><a href=\"https:\/\/impressum-generator.de\/\">Impressum-Generator.de<\/a>&#8216;nin k\u00fcnyesi. G\u00fc\u00e7lendiren: <a href=\"https:\/\/www.kanzlei-hasselbach.de\/\">Franziska Hasselbach, Bonn<\/a>. <\/p><p><\/p>\t\t\t\t\t\t\t\t<\/div>\n\t\t\t\t\t<\/div>\n\t\t<\/div>\n\t\t\t\t\t<\/div>\n\t\t<\/section>\n\t\t\t\t<\/div>\n\t\t","protected":false},"excerpt":{"rendered":"<p>K\u00fcnye K\u00fcnye \u00a7 5 DDG&#8217;ye g\u00f6re bilgiler Hasan \u00c7ift\u00e7i Cranachstra\u00dfe 5c 63452 Hanau am Main Temsil eden: Hasan \u00c7ift\u00e7i \u0130leti\u015fim: Telefon: 06181-189 86 48 Faks: 06181-180 94 45 E-posta: info@hasan-ciftci.de Denetleyici kurum: Hessen Psikoterapistler Odas\u0131 www.psychotherapeutenkammer-hessen.de Sorumluluk reddi \u0130\u00e7erik i\u00e7in sorumluluk Sayfalar\u0131m\u0131z\u0131n i\u00e7eri\u011fi b\u00fcy\u00fck bir \u00f6zenle olu\u015fturulmu\u015ftur. Ancak, i\u00e7eri\u011fin do\u011frulu\u011fu, eksiksizli\u011fi ve g\u00fcncelli\u011fi konusunda herhangi [&hellip;]<\/p>\n","protected":false},"author":1,"featured_media":0,"parent":0,"menu_order":0,"comment_status":"closed","ping_status":"closed","template":"","meta":{"footnotes":""},"class_list":["post-760","page","type-page","status-publish","hentry"],"_links":{"self":[{"href":"https:\/\/hasan-ciftci.de\/tr\/wp-json\/wp\/v2\/pages\/760","targetHints":{"allow":["GET"]}}],"collection":[{"href":"https:\/\/hasan-ciftci.de\/tr\/wp-json\/wp\/v2\/pages"}],"about":[{"href":"https:\/\/hasan-ciftci.de\/tr\/wp-json\/wp\/v2\/types\/page"}],"author":[{"embeddable":true,"href":"https:\/\/hasan-ciftci.de\/tr\/wp-json\/wp\/v2\/users\/1"}],"replies":[{"embeddable":true,"href":"https:\/\/hasan-ciftci.de\/tr\/wp-json\/wp\/v2\/comments?post=760"}],"version-history":[{"count":1,"href":"https:\/\/hasan-ciftci.de\/tr\/wp-json\/wp\/v2\/pages\/760\/revisions"}],"predecessor-version":[{"id":783,"href":"https:\/\/hasan-ciftci.de\/tr\/wp-json\/wp\/v2\/pages\/760\/revisions\/783"}],"wp:attachment":[{"href":"https:\/\/hasan-ciftci.de\/tr\/wp-json\/wp\/v2\/media?parent=760"}],"curies":[{"name":"wp","href":"https:\/\/api.w.org\/{rel}","templated":true}]}}